{"id":13495,"date":"2015-06-10T08:26:19","date_gmt":"2015-06-10T06:26:19","guid":{"rendered":"http:\/\/www.lucky-wave.eu\/shop\/?post_type=product&#038;p=13495"},"modified":"2020-11-02T13:31:42","modified_gmt":"2020-11-02T12:31:42","slug":"akumulator-ciak-starter-12v-45ah-d-renault","status":"publish","type":"product","link":"https:\/\/www.lucky-wave.eu\/shop\/proizvod\/akumulator-ciak-starter-12v-45ah-d-renault\/","title":{"rendered":"Akumulator CIAK Starter 12V- 45Ah +D Renault"},"content":{"rendered":"<p><a class=\"dt-single-image\" href=\"http:\/\/www.lucky-wave.eu\/shop\/wp-content\/uploads\/2015\/06\/0118009.jpg\" data-dt-img-description=\"\"><img loading=\"lazy\" decoding=\"async\" class=\"alignnone size-medium wp-image-13496\" src=\"http:\/\/www.lucky-wave.eu\/shop\/wp-content\/uploads\/2015\/06\/0118009-300x270.jpg\" alt=\"0118009\" width=\"300\" height=\"270\" srcset=\"https:\/\/www.lucky-wave.eu\/shop\/wp-content\/uploads\/2015\/06\/0118009-300x270.jpg 300w, https:\/\/www.lucky-wave.eu\/shop\/wp-content\/uploads\/2015\/06\/0118009.jpg 600w\" sizes=\"(max-width: 300px) 100vw, 300px\" \/><\/a><\/p>\n<p>&nbsp;<\/p>\n<p>CIAK Starter: akumulator koji koristi najbolje tehnologije u izradi tradicionalnih akumulatora s teku\u0107im elektrolitom s kori\u0161tenjem inteligentnog labirint poklopca koji omogu\u0107uje apsolutno ne odr\u017eavanje uz gotovo dvostruko du\u017ei vijek trajanja. Akumulator je to koji svojim tehni\u010dkim karakteristikama garantira maksimalnu isporuku deklariranih performansi te je idealan za sve vrste vozila uz najbolji odnos dobivenog za ulo\u017eeno.<\/p>\n","protected":false},"excerpt":{"rendered":"<div class=\"attrib alt\">Katalo\u0161ki broj: 545106033 CS45DR<\/div>\n<div class=\"attrib\">Osnovno pakiranje: kom<\/div>\n<div class=\"attrib alt\">Proizvo\u0111a\u010d: CIAK<\/div>\n<div class=\"attrib\">Napon (V): 12<\/div>\n<div class=\"attrib alt\">Kapacitet (Ah): 45<\/div>\n<div class=\"attrib\">Startna struja CCA EN (A): 330<\/div>\n<div class=\"attrib alt\">Du\u017eina: 219<\/div>\n<div class=\"attrib\">\u0160irina: 135<\/div>\n<div class=\"attrib alt\">Visina: 225<\/div>\n<div class=\"attrib\">Priklju\u010dni polovi &#8211; podnica: 0 1 B01<\/div>\n","protected":false},"featured_media":13496,"template":"","meta":[],"product_cat":[81],"product_tag":[],"yoast_head":"<!-- This site is optimized with the Yoast SEO plugin v22.2 - https:\/\/yoast.com\/wordpress\/plugins\/seo\/ -->\n<title>Akumulator CIAK Starter 12V- 45Ah +D Renault - CIAK Starter &#8226; Lucky Wave Shop<\/title>\n<meta name=\"robots\" content=\"index, follow, max-snippet:-1, max-image-preview:large, max-video-preview:-1\" \/>\n<link rel=\"canonical\" href=\"https:\/\/www.lucky-wave.eu\/shop\/proizvod\/akumulator-ciak-starter-12v-45ah-d-renault\/\" \/>\n<meta property=\"og:locale\" content=\"hr_HR\" \/>\n<meta property=\"og:type\" content=\"article\" \/>\n<meta property=\"og:title\" content=\"Akumulator CIAK Starter 12V- 45Ah +D Renault - CIAK Starter &#8226; Lucky Wave Shop\" \/>\n<meta property=\"og:description\" content=\"Katalo\u0161ki broj: 545106033 CS45DR Osnovno pakiranje: kom Proizvo\u0111a\u010d: CIAK Napon (V): 12 Kapacitet (Ah): 45 Startna struja CCA EN (A): 330 Du\u017eina: 219 \u0160irina: 135 Visina: 225 Priklju\u010dni polovi - podnica: 0 1 B01\" \/>\n<meta property=\"og:url\" content=\"https:\/\/www.lucky-wave.eu\/shop\/proizvod\/akumulator-ciak-starter-12v-45ah-d-renault\/\" \/>\n<meta property=\"og:site_name\" content=\"Lucky Wave Shop\" \/>\n<meta property=\"article:publisher\" content=\"https:\/\/www.facebook.com\/p\/Lucky-Wave-100063622320484\/\" \/>\n<meta property=\"article:modified_time\" content=\"2020-11-02T12:31:42+00:00\" \/>\n<meta property=\"og:image\" content=\"https:\/\/www.lucky-wave.eu\/shop\/wp-content\/uploads\/2015\/06\/0118009.jpg\" \/>\n\t<meta property=\"og:image:width\" content=\"600\" \/>\n\t<meta property=\"og:image:height\" content=\"540\" \/>\n\t<meta property=\"og:image:type\" content=\"image\/jpeg\" \/>\n<meta name=\"twitter:card\" content=\"summary_large_image\" \/>\n<script type=\"application\/ld+json\" class=\"yoast-schema-graph\">{\"@context\":\"https:\/\/schema.org\",\"@graph\":[{\"@type\":\"WebPage\",\"@id\":\"https:\/\/www.lucky-wave.eu\/shop\/proizvod\/akumulator-ciak-starter-12v-45ah-d-renault\/\",\"url\":\"https:\/\/www.lucky-wave.eu\/shop\/proizvod\/akumulator-ciak-starter-12v-45ah-d-renault\/\",\"name\":\"Akumulator CIAK Starter 12V- 45Ah +D Renault - CIAK Starter &#8226; Lucky Wave Shop\",\"isPartOf\":{\"@id\":\"https:\/\/www.lucky-wave.eu\/shop\/#website\"},\"primaryImageOfPage\":{\"@id\":\"https:\/\/www.lucky-wave.eu\/shop\/proizvod\/akumulator-ciak-starter-12v-45ah-d-renault\/#primaryimage\"},\"image\":{\"@id\":\"https:\/\/www.lucky-wave.eu\/shop\/proizvod\/akumulator-ciak-starter-12v-45ah-d-renault\/#primaryimage\"},\"thumbnailUrl\":\"https:\/\/www.lucky-wave.eu\/shop\/wp-content\/uploads\/2015\/06\/0118009.jpg\",\"datePublished\":\"2015-06-10T06:26:19+00:00\",\"dateModified\":\"2020-11-02T12:31:42+00:00\",\"breadcrumb\":{\"@id\":\"https:\/\/www.lucky-wave.eu\/shop\/proizvod\/akumulator-ciak-starter-12v-45ah-d-renault\/#breadcrumb\"},\"inLanguage\":\"hr\",\"potentialAction\":[{\"@type\":\"ReadAction\",\"target\":[\"https:\/\/www.lucky-wave.eu\/shop\/proizvod\/akumulator-ciak-starter-12v-45ah-d-renault\/\"]}]},{\"@type\":\"ImageObject\",\"inLanguage\":\"hr\",\"@id\":\"https:\/\/www.lucky-wave.eu\/shop\/proizvod\/akumulator-ciak-starter-12v-45ah-d-renault\/#primaryimage\",\"url\":\"https:\/\/www.lucky-wave.eu\/shop\/wp-content\/uploads\/2015\/06\/0118009.jpg\",\"contentUrl\":\"https:\/\/www.lucky-wave.eu\/shop\/wp-content\/uploads\/2015\/06\/0118009.jpg\",\"width\":600,\"height\":540},{\"@type\":\"BreadcrumbList\",\"@id\":\"https:\/\/www.lucky-wave.eu\/shop\/proizvod\/akumulator-ciak-starter-12v-45ah-d-renault\/#breadcrumb\",\"itemListElement\":[{\"@type\":\"ListItem\",\"position\":1,\"name\":\"Po\u010detna stranica\",\"item\":\"https:\/\/www.lucky-wave.eu\/shop\/\"},{\"@type\":\"ListItem\",\"position\":2,\"name\":\"Trgovina\",\"item\":\"https:\/\/www.lucky-wave.eu\/shop\/trgovina\/\"},{\"@type\":\"ListItem\",\"position\":3,\"name\":\"Akumulator CIAK Starter 12V- 45Ah +D Renault\"}]},{\"@type\":\"WebSite\",\"@id\":\"https:\/\/www.lucky-wave.eu\/shop\/#website\",\"url\":\"https:\/\/www.lucky-wave.eu\/shop\/\",\"name\":\"Lucky Wave Shop\",\"description\":\"Prodaja nauti\u010dke opreme, brodskih ure\u0111aja, generatora, akumulatora (baterija), prodaja brodova, jedrilica.\",\"potentialAction\":[{\"@type\":\"SearchAction\",\"target\":{\"@type\":\"EntryPoint\",\"urlTemplate\":\"https:\/\/www.lucky-wave.eu\/shop\/?s={search_term_string}\"},\"query-input\":\"required name=search_term_string\"}],\"inLanguage\":\"hr\"}]}<\/script>\n<!-- \/ Yoast SEO plugin. -->","yoast_head_json":{"title":"Akumulator CIAK Starter 12V- 45Ah +D Renault - CIAK Starter &#8226; Lucky Wave Shop","robots":{"index":"index","follow":"follow","max-snippet":"max-snippet:-1","max-image-preview":"max-image-preview:large","max-video-preview":"max-video-preview:-1"},"canonical":"https:\/\/www.lucky-wave.eu\/shop\/proizvod\/akumulator-ciak-starter-12v-45ah-d-renault\/","og_locale":"hr_HR","og_type":"article","og_title":"Akumulator CIAK Starter 12V- 45Ah +D Renault - CIAK Starter &#8226; Lucky Wave Shop","og_description":"Katalo\u0161ki broj: 545106033 CS45DR Osnovno pakiranje: kom Proizvo\u0111a\u010d: CIAK Napon (V): 12 Kapacitet (Ah): 45 Startna struja CCA EN (A): 330 Du\u017eina: 219 \u0160irina: 135 Visina: 225 Priklju\u010dni polovi - podnica: 0 1 B01","og_url":"https:\/\/www.lucky-wave.eu\/shop\/proizvod\/akumulator-ciak-starter-12v-45ah-d-renault\/","og_site_name":"Lucky Wave Shop","article_publisher":"https:\/\/www.facebook.com\/p\/Lucky-Wave-100063622320484\/","article_modified_time":"2020-11-02T12:31:42+00:00","og_image":[{"width":600,"height":540,"url":"https:\/\/www.lucky-wave.eu\/shop\/wp-content\/uploads\/2015\/06\/0118009.jpg","type":"image\/jpeg"}],"twitter_card":"summary_large_image","schema":{"@context":"https:\/\/schema.org","@graph":[{"@type":"WebPage","@id":"https:\/\/www.lucky-wave.eu\/shop\/proizvod\/akumulator-ciak-starter-12v-45ah-d-renault\/","url":"https:\/\/www.lucky-wave.eu\/shop\/proizvod\/akumulator-ciak-starter-12v-45ah-d-renault\/","name":"Akumulator CIAK Starter 12V- 45Ah +D Renault - CIAK Starter &#8226; Lucky Wave Shop","isPartOf":{"@id":"https:\/\/www.lucky-wave.eu\/shop\/#website"},"primaryImageOfPage":{"@id":"https:\/\/www.lucky-wave.eu\/shop\/proizvod\/akumulator-ciak-starter-12v-45ah-d-renault\/#primaryimage"},"image":{"@id":"https:\/\/www.lucky-wave.eu\/shop\/proizvod\/akumulator-ciak-starter-12v-45ah-d-renault\/#primaryimage"},"thumbnailUrl":"https:\/\/www.lucky-wave.eu\/shop\/wp-content\/uploads\/2015\/06\/0118009.jpg","datePublished":"2015-06-10T06:26:19+00:00","dateModified":"2020-11-02T12:31:42+00:00","breadcrumb":{"@id":"https:\/\/www.lucky-wave.eu\/shop\/proizvod\/akumulator-ciak-starter-12v-45ah-d-renault\/#breadcrumb"},"inLanguage":"hr","potentialAction":[{"@type":"ReadAction","target":["https:\/\/www.lucky-wave.eu\/shop\/proizvod\/akumulator-ciak-starter-12v-45ah-d-renault\/"]}]},{"@type":"ImageObject","inLanguage":"hr","@id":"https:\/\/www.lucky-wave.eu\/shop\/proizvod\/akumulator-ciak-starter-12v-45ah-d-renault\/#primaryimage","url":"https:\/\/www.lucky-wave.eu\/shop\/wp-content\/uploads\/2015\/06\/0118009.jpg","contentUrl":"https:\/\/www.lucky-wave.eu\/shop\/wp-content\/uploads\/2015\/06\/0118009.jpg","width":600,"height":540},{"@type":"BreadcrumbList","@id":"https:\/\/www.lucky-wave.eu\/shop\/proizvod\/akumulator-ciak-starter-12v-45ah-d-renault\/#breadcrumb","itemListElement":[{"@type":"ListItem","position":1,"name":"Po\u010detna stranica","item":"https:\/\/www.lucky-wave.eu\/shop\/"},{"@type":"ListItem","position":2,"name":"Trgovina","item":"https:\/\/www.lucky-wave.eu\/shop\/trgovina\/"},{"@type":"ListItem","position":3,"name":"Akumulator CIAK Starter 12V- 45Ah +D Renault"}]},{"@type":"WebSite","@id":"https:\/\/www.lucky-wave.eu\/shop\/#website","url":"https:\/\/www.lucky-wave.eu\/shop\/","name":"Lucky Wave Shop","description":"Prodaja nauti\u010dke opreme, brodskih ure\u0111aja, generatora, akumulatora (baterija), prodaja brodova, jedrilica.","potentialAction":[{"@type":"SearchAction","target":{"@type":"EntryPoint","urlTemplate":"https:\/\/www.lucky-wave.eu\/shop\/?s={search_term_string}"},"query-input":"required name=search_term_string"}],"inLanguage":"hr"}]}},"_links":{"self":[{"href":"https:\/\/www.lucky-wave.eu\/shop\/wp-json\/wp\/v2\/product\/13495"}],"collection":[{"href":"https:\/\/www.lucky-wave.eu\/shop\/wp-json\/wp\/v2\/product"}],"about":[{"href":"https:\/\/www.lucky-wave.eu\/shop\/wp-json\/wp\/v2\/types\/product"}],"wp:featuredmedia":[{"embeddable":true,"href":"https:\/\/www.lucky-wave.eu\/shop\/wp-json\/wp\/v2\/media\/13496"}],"wp:attachment":[{"href":"https:\/\/www.lucky-wave.eu\/shop\/wp-json\/wp\/v2\/media?parent=13495"}],"wp:term":[{"taxonomy":"product_cat","embeddable":true,"href":"https:\/\/www.lucky-wave.eu\/shop\/wp-json\/wp\/v2\/product_cat?post=13495"},{"taxonomy":"product_tag","embeddable":true,"href":"https:\/\/www.lucky-wave.eu\/shop\/wp-json\/wp\/v2\/product_tag?post=13495"}],"curies":[{"name":"wp","href":"https:\/\/api.w.org\/{rel}","templated":true}]}}