{"id":13480,"date":"2015-06-10T07:58:39","date_gmt":"2015-06-10T07:58:39","guid":{"rendered":"http:\/\/www.lucky-wave.eu\/shop\/?post_type=product&#038;p=13480"},"modified":"2015-06-10T08:04:16","modified_gmt":"2015-06-10T08:04:16","slug":"akumulator-ciak-starter-12v-24ah-d-u1r-traktor","status":"publish","type":"product","link":"https:\/\/www.lucky-wave.eu\/shop\/proizvod\/akumulator-ciak-starter-12v-24ah-d-u1r-traktor\/","title":{"rendered":"Akumulator CIAK Starter 12V- 24Ah +D \/ U1R Traktor"},"content":{"rendered":"<p><a class=\"dt-single-image\" href=\"http:\/\/www.lucky-wave.eu\/shop\/wp-content\/uploads\/2015\/06\/0118073.jpg\" data-dt-img-description=\"\"><img loading=\"lazy\" decoding=\"async\" class=\"alignnone size-medium wp-image-13481\" src=\"http:\/\/www.lucky-wave.eu\/shop\/wp-content\/uploads\/2015\/06\/0118073-300x164.jpg\" alt=\"0118073\" width=\"300\" height=\"164\" srcset=\"https:\/\/www.lucky-wave.eu\/shop\/wp-content\/uploads\/2015\/06\/0118073-300x164.jpg 300w, https:\/\/www.lucky-wave.eu\/shop\/wp-content\/uploads\/2015\/06\/0118073.jpg 600w\" sizes=\"(max-width: 300px) 100vw, 300px\" \/><\/a><\/p>\n<p>&nbsp;<\/p>\n<p>CIAK Starter Moto &#8211; akumulator je jedinstvenih performansi u klasi klasi\u010dnih akumulatora ovog tipa s teku\u0107im elektrolitom. Unaprije\u0111enom i svojim performansama te produljenim vijekom trajanja zadovoljava sve specifikacije tra\u017eene u upotrebi akumulatora u zamjenskom segmentu.<\/p>\n","protected":false},"excerpt":{"rendered":"<div class=\"attrib alt\"><\/div>\n<div class=\"attrib alt\">Proizvo\u0111a\u010d: CIAK<\/div>\n<div class=\"attrib\">Napon (V): 12<\/div>\n<div class=\"attrib alt\">Kapacitet (Ah): 24<\/div>\n<div class=\"attrib\">JIS: 12N24-3A<\/div>\n","protected":false},"featured_media":13481,"template":"","meta":[],"product_cat":[81],"product_tag":[],"yoast_head":"<!-- This site is optimized with the Yoast SEO plugin v22.2 - https:\/\/yoast.com\/wordpress\/plugins\/seo\/ -->\n<title>Akumulator CIAK Starter 12V- 24Ah +D \/ U1R Traktor - CIAK Starter &#8226; Lucky Wave Shop<\/title>\n<meta name=\"robots\" content=\"index, follow, max-snippet:-1, max-image-preview:large, max-video-preview:-1\" \/>\n<link rel=\"canonical\" href=\"https:\/\/www.lucky-wave.eu\/shop\/proizvod\/akumulator-ciak-starter-12v-24ah-d-u1r-traktor\/\" \/>\n<meta property=\"og:locale\" content=\"hr_HR\" \/>\n<meta property=\"og:type\" content=\"article\" \/>\n<meta property=\"og:title\" content=\"Akumulator CIAK Starter 12V- 24Ah +D \/ U1R Traktor - CIAK Starter &#8226; Lucky Wave Shop\" \/>\n<meta property=\"og:description\" content=\"Proizvo\u0111a\u010d: CIAK Napon (V): 12 Kapacitet (Ah): 24 JIS: 12N24-3A\" \/>\n<meta property=\"og:url\" content=\"https:\/\/www.lucky-wave.eu\/shop\/proizvod\/akumulator-ciak-starter-12v-24ah-d-u1r-traktor\/\" \/>\n<meta property=\"og:site_name\" content=\"Lucky Wave Shop\" \/>\n<meta property=\"article:publisher\" content=\"https:\/\/www.facebook.com\/p\/Lucky-Wave-100063622320484\/\" \/>\n<meta property=\"article:modified_time\" content=\"2015-06-10T08:04:16+00:00\" \/>\n<meta property=\"og:image\" content=\"https:\/\/www.lucky-wave.eu\/shop\/wp-content\/uploads\/2015\/06\/0118073.jpg\" \/>\n\t<meta property=\"og:image:width\" content=\"600\" \/>\n\t<meta property=\"og:image:height\" content=\"328\" \/>\n\t<meta property=\"og:image:type\" content=\"image\/jpeg\" \/>\n<meta name=\"twitter:card\" content=\"summary_large_image\" \/>\n<script type=\"application\/ld+json\" class=\"yoast-schema-graph\">{\"@context\":\"https:\/\/schema.org\",\"@graph\":[{\"@type\":\"WebPage\",\"@id\":\"https:\/\/www.lucky-wave.eu\/shop\/proizvod\/akumulator-ciak-starter-12v-24ah-d-u1r-traktor\/\",\"url\":\"https:\/\/www.lucky-wave.eu\/shop\/proizvod\/akumulator-ciak-starter-12v-24ah-d-u1r-traktor\/\",\"name\":\"Akumulator CIAK Starter 12V- 24Ah +D \/ U1R Traktor - CIAK Starter &#8226; Lucky Wave Shop\",\"isPartOf\":{\"@id\":\"https:\/\/www.lucky-wave.eu\/shop\/#website\"},\"primaryImageOfPage\":{\"@id\":\"https:\/\/www.lucky-wave.eu\/shop\/proizvod\/akumulator-ciak-starter-12v-24ah-d-u1r-traktor\/#primaryimage\"},\"image\":{\"@id\":\"https:\/\/www.lucky-wave.eu\/shop\/proizvod\/akumulator-ciak-starter-12v-24ah-d-u1r-traktor\/#primaryimage\"},\"thumbnailUrl\":\"https:\/\/www.lucky-wave.eu\/shop\/wp-content\/uploads\/2015\/06\/0118073.jpg\",\"datePublished\":\"2015-06-10T07:58:39+00:00\",\"dateModified\":\"2015-06-10T08:04:16+00:00\",\"breadcrumb\":{\"@id\":\"https:\/\/www.lucky-wave.eu\/shop\/proizvod\/akumulator-ciak-starter-12v-24ah-d-u1r-traktor\/#breadcrumb\"},\"inLanguage\":\"hr\",\"potentialAction\":[{\"@type\":\"ReadAction\",\"target\":[\"https:\/\/www.lucky-wave.eu\/shop\/proizvod\/akumulator-ciak-starter-12v-24ah-d-u1r-traktor\/\"]}]},{\"@type\":\"ImageObject\",\"inLanguage\":\"hr\",\"@id\":\"https:\/\/www.lucky-wave.eu\/shop\/proizvod\/akumulator-ciak-starter-12v-24ah-d-u1r-traktor\/#primaryimage\",\"url\":\"https:\/\/www.lucky-wave.eu\/shop\/wp-content\/uploads\/2015\/06\/0118073.jpg\",\"contentUrl\":\"https:\/\/www.lucky-wave.eu\/shop\/wp-content\/uploads\/2015\/06\/0118073.jpg\",\"width\":600,\"height\":328},{\"@type\":\"BreadcrumbList\",\"@id\":\"https:\/\/www.lucky-wave.eu\/shop\/proizvod\/akumulator-ciak-starter-12v-24ah-d-u1r-traktor\/#breadcrumb\",\"itemListElement\":[{\"@type\":\"ListItem\",\"position\":1,\"name\":\"Po\u010detna stranica\",\"item\":\"https:\/\/www.lucky-wave.eu\/shop\/\"},{\"@type\":\"ListItem\",\"position\":2,\"name\":\"Trgovina\",\"item\":\"https:\/\/www.lucky-wave.eu\/shop\/trgovina\/\"},{\"@type\":\"ListItem\",\"position\":3,\"name\":\"Akumulator CIAK Starter 12V- 24Ah +D \/ U1R Traktor\"}]},{\"@type\":\"WebSite\",\"@id\":\"https:\/\/www.lucky-wave.eu\/shop\/#website\",\"url\":\"https:\/\/www.lucky-wave.eu\/shop\/\",\"name\":\"Lucky Wave Shop\",\"description\":\"Prodaja nauti\u010dke opreme, brodskih ure\u0111aja, generatora, akumulatora (baterija), prodaja brodova, jedrilica.\",\"potentialAction\":[{\"@type\":\"SearchAction\",\"target\":{\"@type\":\"EntryPoint\",\"urlTemplate\":\"https:\/\/www.lucky-wave.eu\/shop\/?s={search_term_string}\"},\"query-input\":\"required name=search_term_string\"}],\"inLanguage\":\"hr\"}]}<\/script>\n<!-- \/ Yoast SEO plugin. -->","yoast_head_json":{"title":"Akumulator CIAK Starter 12V- 24Ah +D \/ U1R Traktor - CIAK Starter &#8226; Lucky Wave Shop","robots":{"index":"index","follow":"follow","max-snippet":"max-snippet:-1","max-image-preview":"max-image-preview:large","max-video-preview":"max-video-preview:-1"},"canonical":"https:\/\/www.lucky-wave.eu\/shop\/proizvod\/akumulator-ciak-starter-12v-24ah-d-u1r-traktor\/","og_locale":"hr_HR","og_type":"article","og_title":"Akumulator CIAK Starter 12V- 24Ah +D \/ U1R Traktor - CIAK Starter &#8226; Lucky Wave Shop","og_description":"Proizvo\u0111a\u010d: CIAK Napon (V): 12 Kapacitet (Ah): 24 JIS: 12N24-3A","og_url":"https:\/\/www.lucky-wave.eu\/shop\/proizvod\/akumulator-ciak-starter-12v-24ah-d-u1r-traktor\/","og_site_name":"Lucky Wave Shop","article_publisher":"https:\/\/www.facebook.com\/p\/Lucky-Wave-100063622320484\/","article_modified_time":"2015-06-10T08:04:16+00:00","og_image":[{"width":600,"height":328,"url":"https:\/\/www.lucky-wave.eu\/shop\/wp-content\/uploads\/2015\/06\/0118073.jpg","type":"image\/jpeg"}],"twitter_card":"summary_large_image","schema":{"@context":"https:\/\/schema.org","@graph":[{"@type":"WebPage","@id":"https:\/\/www.lucky-wave.eu\/shop\/proizvod\/akumulator-ciak-starter-12v-24ah-d-u1r-traktor\/","url":"https:\/\/www.lucky-wave.eu\/shop\/proizvod\/akumulator-ciak-starter-12v-24ah-d-u1r-traktor\/","name":"Akumulator CIAK Starter 12V- 24Ah +D \/ U1R Traktor - CIAK Starter &#8226; Lucky Wave Shop","isPartOf":{"@id":"https:\/\/www.lucky-wave.eu\/shop\/#website"},"primaryImageOfPage":{"@id":"https:\/\/www.lucky-wave.eu\/shop\/proizvod\/akumulator-ciak-starter-12v-24ah-d-u1r-traktor\/#primaryimage"},"image":{"@id":"https:\/\/www.lucky-wave.eu\/shop\/proizvod\/akumulator-ciak-starter-12v-24ah-d-u1r-traktor\/#primaryimage"},"thumbnailUrl":"https:\/\/www.lucky-wave.eu\/shop\/wp-content\/uploads\/2015\/06\/0118073.jpg","datePublished":"2015-06-10T07:58:39+00:00","dateModified":"2015-06-10T08:04:16+00:00","breadcrumb":{"@id":"https:\/\/www.lucky-wave.eu\/shop\/proizvod\/akumulator-ciak-starter-12v-24ah-d-u1r-traktor\/#breadcrumb"},"inLanguage":"hr","potentialAction":[{"@type":"ReadAction","target":["https:\/\/www.lucky-wave.eu\/shop\/proizvod\/akumulator-ciak-starter-12v-24ah-d-u1r-traktor\/"]}]},{"@type":"ImageObject","inLanguage":"hr","@id":"https:\/\/www.lucky-wave.eu\/shop\/proizvod\/akumulator-ciak-starter-12v-24ah-d-u1r-traktor\/#primaryimage","url":"https:\/\/www.lucky-wave.eu\/shop\/wp-content\/uploads\/2015\/06\/0118073.jpg","contentUrl":"https:\/\/www.lucky-wave.eu\/shop\/wp-content\/uploads\/2015\/06\/0118073.jpg","width":600,"height":328},{"@type":"BreadcrumbList","@id":"https:\/\/www.lucky-wave.eu\/shop\/proizvod\/akumulator-ciak-starter-12v-24ah-d-u1r-traktor\/#breadcrumb","itemListElement":[{"@type":"ListItem","position":1,"name":"Po\u010detna stranica","item":"https:\/\/www.lucky-wave.eu\/shop\/"},{"@type":"ListItem","position":2,"name":"Trgovina","item":"https:\/\/www.lucky-wave.eu\/shop\/trgovina\/"},{"@type":"ListItem","position":3,"name":"Akumulator CIAK Starter 12V- 24Ah +D \/ U1R Traktor"}]},{"@type":"WebSite","@id":"https:\/\/www.lucky-wave.eu\/shop\/#website","url":"https:\/\/www.lucky-wave.eu\/shop\/","name":"Lucky Wave Shop","description":"Prodaja nauti\u010dke opreme, brodskih ure\u0111aja, generatora, akumulatora (baterija), prodaja brodova, jedrilica.","potentialAction":[{"@type":"SearchAction","target":{"@type":"EntryPoint","urlTemplate":"https:\/\/www.lucky-wave.eu\/shop\/?s={search_term_string}"},"query-input":"required name=search_term_string"}],"inLanguage":"hr"}]}},"_links":{"self":[{"href":"https:\/\/www.lucky-wave.eu\/shop\/wp-json\/wp\/v2\/product\/13480"}],"collection":[{"href":"https:\/\/www.lucky-wave.eu\/shop\/wp-json\/wp\/v2\/product"}],"about":[{"href":"https:\/\/www.lucky-wave.eu\/shop\/wp-json\/wp\/v2\/types\/product"}],"wp:featuredmedia":[{"embeddable":true,"href":"https:\/\/www.lucky-wave.eu\/shop\/wp-json\/wp\/v2\/media\/13481"}],"wp:attachment":[{"href":"https:\/\/www.lucky-wave.eu\/shop\/wp-json\/wp\/v2\/media?parent=13480"}],"wp:term":[{"taxonomy":"product_cat","embeddable":true,"href":"https:\/\/www.lucky-wave.eu\/shop\/wp-json\/wp\/v2\/product_cat?post=13480"},{"taxonomy":"product_tag","embeddable":true,"href":"https:\/\/www.lucky-wave.eu\/shop\/wp-json\/wp\/v2\/product_tag?post=13480"}],"curies":[{"name":"wp","href":"https:\/\/api.w.org\/{rel}","templated":true}]}}