{"id":13287,"date":"2015-05-28T07:57:20","date_gmt":"2015-05-28T05:57:20","guid":{"rendered":"http:\/\/www.lucky-wave.eu\/shop\/?post_type=product&#038;p=13287"},"modified":"2020-11-02T13:33:39","modified_gmt":"2020-11-02T12:33:39","slug":"black-dynamic-545-077-030","status":"publish","type":"product","link":"https:\/\/www.lucky-wave.eu\/shop\/proizvod\/black-dynamic-545-077-030\/","title":{"rendered":"Black Dynamic 545 077 030"},"content":{"rendered":"<p><a class=\"dt-single-image\" href=\"http:\/\/www.lucky-wave.eu\/shop\/wp-content\/uploads\/2015\/05\/13.jpg\" data-dt-img-description=\"\"><img loading=\"lazy\" decoding=\"async\" class=\"alignnone size-full wp-image-13288\" src=\"http:\/\/www.lucky-wave.eu\/shop\/wp-content\/uploads\/2015\/05\/13.jpg\" alt=\"13\" width=\"250\" height=\"226\" \/><\/a><\/p>\n<p>&nbsp;<\/p>\n<p>Klju\u010dne prednosti<\/p>\n<ul>\n<li>Pouzdan odabir za sva vozila sa konvencionalnim potrebama za energijom<\/li>\n<li>Tehnologija Labyrinth Lid za akumulator bez odr\u017eavanja i za dodatnu sigurnost<\/li>\n<li>Tehnologija re\u0161etke PowerFrame\u00ae daje pouzdanu snagu hladnog starta i dugoro\u010dne performanse.<\/li>\n<li>Osmi\u0161ljeno sukladno s najvi\u0161im europskim standardima<\/li>\n<\/ul>\n","protected":false},"excerpt":{"rendered":"<table class=\"specs\" cellspacing=\"0\" cellpadding=\"0\">\n<tbody>\n<tr>\n<td colspan=\"2\">\n<h2>Podaci o izvedbi<\/h2>\n<\/td>\n<\/tr>\n<tr>\n<td class=\"title\">napon:<\/td>\n<td class=\"value\">12<\/td>\n<\/tr>\n<tr>\n<td class=\"title\">kapacitet:<\/td>\n<td class=\"value\">45<\/td>\n<\/tr>\n<tr>\n<td class=\"title\">Hladno cranking amper::<\/td>\n<td class=\"value\">300 A<\/td>\n<\/tr>\n<\/tbody>\n<\/table>\n<hr \/>\n<table class=\"specs\" cellspacing=\"0\" cellpadding=\"0\">\n<tbody>\n<tr>\n<td colspan=\"2\">\n<h2>Fizi\u010dke osobine<\/h2>\n<\/td>\n<\/tr>\n<tr>\n<td class=\"title\">Slu\u010daj Veli\u010dina:<\/td>\n<td class=\"value\">E2<\/td>\n<\/tr>\n<tr>\n<td class=\"title\">te\u017eina:<\/td>\n<td class=\"value\">11 kg<\/td>\n<\/tr>\n<tr>\n<td class=\"title\">Du\u017eina:<\/td>\n<td class=\"value\">219 mm<\/td>\n<\/tr>\n<tr>\n<td class=\"title\">\u0161irina:<\/td>\n<td class=\"value\">135 mm<\/td>\n<\/tr>\n<tr>\n<td class=\"title\">visina:<\/td>\n<td class=\"value\">225 mm<\/td>\n<\/tr>\n<\/tbody>\n<\/table>\n<p>&nbsp;<\/p>\n","protected":false},"featured_media":13288,"template":"","meta":[],"product_cat":[77],"product_tag":[],"yoast_head":"<!-- This site is optimized with the Yoast SEO plugin v22.2 - https:\/\/yoast.com\/wordpress\/plugins\/seo\/ -->\n<title>Black Dynamic 545 077 030 - VARTA START &#8226; Lucky Wave Shop<\/title>\n<meta name=\"robots\" content=\"index, follow, max-snippet:-1, max-image-preview:large, max-video-preview:-1\" \/>\n<link rel=\"canonical\" href=\"https:\/\/www.lucky-wave.eu\/shop\/proizvod\/black-dynamic-545-077-030\/\" \/>\n<meta property=\"og:locale\" content=\"hr_HR\" \/>\n<meta property=\"og:type\" content=\"article\" \/>\n<meta property=\"og:title\" content=\"Black Dynamic 545 077 030 - VARTA START &#8226; Lucky Wave Shop\" \/>\n<meta property=\"og:description\" content=\"Podaci o izvedbi    napon: 12   kapacitet: 45   Hladno cranking amper:: 300 A           Fizi\u010dke osobine    Slu\u010daj Veli\u010dina: E2   te\u017eina: 11 kg   Du\u017eina: 219 mm   \u0161irina: 135 mm   visina: 225 mm    &nbsp;\" \/>\n<meta property=\"og:url\" content=\"https:\/\/www.lucky-wave.eu\/shop\/proizvod\/black-dynamic-545-077-030\/\" \/>\n<meta property=\"og:site_name\" content=\"Lucky Wave Shop\" \/>\n<meta property=\"article:publisher\" content=\"https:\/\/www.facebook.com\/p\/Lucky-Wave-100063622320484\/\" \/>\n<meta property=\"article:modified_time\" content=\"2020-11-02T12:33:39+00:00\" \/>\n<meta property=\"og:image\" content=\"https:\/\/www.lucky-wave.eu\/shop\/wp-content\/uploads\/2015\/05\/13.jpg\" \/>\n\t<meta property=\"og:image:width\" content=\"250\" \/>\n\t<meta property=\"og:image:height\" content=\"226\" \/>\n\t<meta property=\"og:image:type\" content=\"image\/jpeg\" \/>\n<meta name=\"twitter:card\" content=\"summary_large_image\" \/>\n<script type=\"application\/ld+json\" class=\"yoast-schema-graph\">{\"@context\":\"https:\/\/schema.org\",\"@graph\":[{\"@type\":\"WebPage\",\"@id\":\"https:\/\/www.lucky-wave.eu\/shop\/proizvod\/black-dynamic-545-077-030\/\",\"url\":\"https:\/\/www.lucky-wave.eu\/shop\/proizvod\/black-dynamic-545-077-030\/\",\"name\":\"Black Dynamic 545 077 030 - VARTA START &#8226; Lucky Wave Shop\",\"isPartOf\":{\"@id\":\"https:\/\/www.lucky-wave.eu\/shop\/#website\"},\"primaryImageOfPage\":{\"@id\":\"https:\/\/www.lucky-wave.eu\/shop\/proizvod\/black-dynamic-545-077-030\/#primaryimage\"},\"image\":{\"@id\":\"https:\/\/www.lucky-wave.eu\/shop\/proizvod\/black-dynamic-545-077-030\/#primaryimage\"},\"thumbnailUrl\":\"https:\/\/www.lucky-wave.eu\/shop\/wp-content\/uploads\/2015\/05\/13.jpg\",\"datePublished\":\"2015-05-28T05:57:20+00:00\",\"dateModified\":\"2020-11-02T12:33:39+00:00\",\"breadcrumb\":{\"@id\":\"https:\/\/www.lucky-wave.eu\/shop\/proizvod\/black-dynamic-545-077-030\/#breadcrumb\"},\"inLanguage\":\"hr\",\"potentialAction\":[{\"@type\":\"ReadAction\",\"target\":[\"https:\/\/www.lucky-wave.eu\/shop\/proizvod\/black-dynamic-545-077-030\/\"]}]},{\"@type\":\"ImageObject\",\"inLanguage\":\"hr\",\"@id\":\"https:\/\/www.lucky-wave.eu\/shop\/proizvod\/black-dynamic-545-077-030\/#primaryimage\",\"url\":\"https:\/\/www.lucky-wave.eu\/shop\/wp-content\/uploads\/2015\/05\/13.jpg\",\"contentUrl\":\"https:\/\/www.lucky-wave.eu\/shop\/wp-content\/uploads\/2015\/05\/13.jpg\",\"width\":250,\"height\":226},{\"@type\":\"BreadcrumbList\",\"@id\":\"https:\/\/www.lucky-wave.eu\/shop\/proizvod\/black-dynamic-545-077-030\/#breadcrumb\",\"itemListElement\":[{\"@type\":\"ListItem\",\"position\":1,\"name\":\"Po\u010detna stranica\",\"item\":\"https:\/\/www.lucky-wave.eu\/shop\/\"},{\"@type\":\"ListItem\",\"position\":2,\"name\":\"Trgovina\",\"item\":\"https:\/\/www.lucky-wave.eu\/shop\/trgovina\/\"},{\"@type\":\"ListItem\",\"position\":3,\"name\":\"Black Dynamic 545 077 030\"}]},{\"@type\":\"WebSite\",\"@id\":\"https:\/\/www.lucky-wave.eu\/shop\/#website\",\"url\":\"https:\/\/www.lucky-wave.eu\/shop\/\",\"name\":\"Lucky Wave Shop\",\"description\":\"Prodaja nauti\u010dke opreme, brodskih ure\u0111aja, generatora, akumulatora (baterija), prodaja brodova, jedrilica.\",\"potentialAction\":[{\"@type\":\"SearchAction\",\"target\":{\"@type\":\"EntryPoint\",\"urlTemplate\":\"https:\/\/www.lucky-wave.eu\/shop\/?s={search_term_string}\"},\"query-input\":\"required name=search_term_string\"}],\"inLanguage\":\"hr\"}]}<\/script>\n<!-- \/ Yoast SEO plugin. -->","yoast_head_json":{"title":"Black Dynamic 545 077 030 - VARTA START &#8226; Lucky Wave Shop","robots":{"index":"index","follow":"follow","max-snippet":"max-snippet:-1","max-image-preview":"max-image-preview:large","max-video-preview":"max-video-preview:-1"},"canonical":"https:\/\/www.lucky-wave.eu\/shop\/proizvod\/black-dynamic-545-077-030\/","og_locale":"hr_HR","og_type":"article","og_title":"Black Dynamic 545 077 030 - VARTA START &#8226; Lucky Wave Shop","og_description":"Podaci o izvedbi    napon: 12   kapacitet: 45   Hladno cranking amper:: 300 A           Fizi\u010dke osobine    Slu\u010daj Veli\u010dina: E2   te\u017eina: 11 kg   Du\u017eina: 219 mm   \u0161irina: 135 mm   visina: 225 mm    &nbsp;","og_url":"https:\/\/www.lucky-wave.eu\/shop\/proizvod\/black-dynamic-545-077-030\/","og_site_name":"Lucky Wave Shop","article_publisher":"https:\/\/www.facebook.com\/p\/Lucky-Wave-100063622320484\/","article_modified_time":"2020-11-02T12:33:39+00:00","og_image":[{"width":250,"height":226,"url":"https:\/\/www.lucky-wave.eu\/shop\/wp-content\/uploads\/2015\/05\/13.jpg","type":"image\/jpeg"}],"twitter_card":"summary_large_image","schema":{"@context":"https:\/\/schema.org","@graph":[{"@type":"WebPage","@id":"https:\/\/www.lucky-wave.eu\/shop\/proizvod\/black-dynamic-545-077-030\/","url":"https:\/\/www.lucky-wave.eu\/shop\/proizvod\/black-dynamic-545-077-030\/","name":"Black Dynamic 545 077 030 - VARTA START &#8226; Lucky Wave Shop","isPartOf":{"@id":"https:\/\/www.lucky-wave.eu\/shop\/#website"},"primaryImageOfPage":{"@id":"https:\/\/www.lucky-wave.eu\/shop\/proizvod\/black-dynamic-545-077-030\/#primaryimage"},"image":{"@id":"https:\/\/www.lucky-wave.eu\/shop\/proizvod\/black-dynamic-545-077-030\/#primaryimage"},"thumbnailUrl":"https:\/\/www.lucky-wave.eu\/shop\/wp-content\/uploads\/2015\/05\/13.jpg","datePublished":"2015-05-28T05:57:20+00:00","dateModified":"2020-11-02T12:33:39+00:00","breadcrumb":{"@id":"https:\/\/www.lucky-wave.eu\/shop\/proizvod\/black-dynamic-545-077-030\/#breadcrumb"},"inLanguage":"hr","potentialAction":[{"@type":"ReadAction","target":["https:\/\/www.lucky-wave.eu\/shop\/proizvod\/black-dynamic-545-077-030\/"]}]},{"@type":"ImageObject","inLanguage":"hr","@id":"https:\/\/www.lucky-wave.eu\/shop\/proizvod\/black-dynamic-545-077-030\/#primaryimage","url":"https:\/\/www.lucky-wave.eu\/shop\/wp-content\/uploads\/2015\/05\/13.jpg","contentUrl":"https:\/\/www.lucky-wave.eu\/shop\/wp-content\/uploads\/2015\/05\/13.jpg","width":250,"height":226},{"@type":"BreadcrumbList","@id":"https:\/\/www.lucky-wave.eu\/shop\/proizvod\/black-dynamic-545-077-030\/#breadcrumb","itemListElement":[{"@type":"ListItem","position":1,"name":"Po\u010detna stranica","item":"https:\/\/www.lucky-wave.eu\/shop\/"},{"@type":"ListItem","position":2,"name":"Trgovina","item":"https:\/\/www.lucky-wave.eu\/shop\/trgovina\/"},{"@type":"ListItem","position":3,"name":"Black Dynamic 545 077 030"}]},{"@type":"WebSite","@id":"https:\/\/www.lucky-wave.eu\/shop\/#website","url":"https:\/\/www.lucky-wave.eu\/shop\/","name":"Lucky Wave Shop","description":"Prodaja nauti\u010dke opreme, brodskih ure\u0111aja, generatora, akumulatora (baterija), prodaja brodova, jedrilica.","potentialAction":[{"@type":"SearchAction","target":{"@type":"EntryPoint","urlTemplate":"https:\/\/www.lucky-wave.eu\/shop\/?s={search_term_string}"},"query-input":"required name=search_term_string"}],"inLanguage":"hr"}]}},"_links":{"self":[{"href":"https:\/\/www.lucky-wave.eu\/shop\/wp-json\/wp\/v2\/product\/13287"}],"collection":[{"href":"https:\/\/www.lucky-wave.eu\/shop\/wp-json\/wp\/v2\/product"}],"about":[{"href":"https:\/\/www.lucky-wave.eu\/shop\/wp-json\/wp\/v2\/types\/product"}],"wp:featuredmedia":[{"embeddable":true,"href":"https:\/\/www.lucky-wave.eu\/shop\/wp-json\/wp\/v2\/media\/13288"}],"wp:attachment":[{"href":"https:\/\/www.lucky-wave.eu\/shop\/wp-json\/wp\/v2\/media?parent=13287"}],"wp:term":[{"taxonomy":"product_cat","embeddable":true,"href":"https:\/\/www.lucky-wave.eu\/shop\/wp-json\/wp\/v2\/product_cat?post=13287"},{"taxonomy":"product_tag","embeddable":true,"href":"https:\/\/www.lucky-wave.eu\/shop\/wp-json\/wp\/v2\/product_tag?post=13287"}],"curies":[{"name":"wp","href":"https:\/\/api.w.org\/{rel}","templated":true}]}}