{"id":13244,"date":"2015-05-22T07:42:07","date_gmt":"2015-05-22T07:42:07","guid":{"rendered":"http:\/\/www.lucky-wave.eu\/shop\/?post_type=product&#038;p=13244"},"modified":"2015-05-22T09:39:15","modified_gmt":"2015-05-22T09:39:15","slug":"trakcijska-baterija-varta-12v-24ah-professional-dc-agm-lad-24","status":"publish","type":"product","link":"https:\/\/www.lucky-wave.eu\/shop\/proizvod\/trakcijska-baterija-varta-12v-24ah-professional-dc-agm-lad-24\/","title":{"rendered":"Trakcijska Baterija Varta 12V- 24Ah \/ Professional DC AGM LAD 24"},"content":{"rendered":"<p><a class=\"dt-single-image\" href=\"http:\/\/www.lucky-wave.eu\/shop\/wp-content\/uploads\/2015\/05\/0207023.jpg\" data-dt-img-description=\"\"><img loading=\"lazy\" decoding=\"async\" class=\"alignnone size-medium wp-image-13245\" src=\"http:\/\/www.lucky-wave.eu\/shop\/wp-content\/uploads\/2015\/05\/0207023-300x272.jpg\" alt=\"0207023\" width=\"300\" height=\"272\" srcset=\"https:\/\/www.lucky-wave.eu\/shop\/wp-content\/uploads\/2015\/05\/0207023-300x272.jpg 300w, https:\/\/www.lucky-wave.eu\/shop\/wp-content\/uploads\/2015\/05\/0207023.jpg 600w\" sizes=\"(max-width: 300px) 100vw, 300px\" \/><\/a><\/p>\n<p>&nbsp;<\/p>\n<p>VARTA Professional DC AGM: najnoviji stupanj razvoja u evoluciji olovno-kiselinskih akumulatora: ovaj akumulator odra\u017eava najmoderniju tehnologiju koja trenuta\u010dno postoji na tr\u017ei\u0161tu &#8211; za osobito zahtjevne primjene. Konektor smje\u0161ten iznad gornjeg dijela, deblja plo\u010da dizajnirana za pravu Deep Cycle konstrukciju, visoka mehani\u010dka stabilnost uslijed AGM tehnologije za ve\u0107u otpornost na \u0161ok i vibracije<\/p>\n","protected":false},"excerpt":{"rendered":"<div class=\"attrib alt\">Proizvo\u0111a\u010d: VARTA<\/div>\n<div class=\"attrib\">Napon (V): 12<\/div>\n<div class=\"attrib alt\">Kapacitet (Ah): 24<\/div>\n<div class=\"attrib\">Startna struja CCA EN (A): 160<\/div>\n<div class=\"attrib alt\">Du\u017eina: 165<\/div>\n<div class=\"attrib\">\u0160irina: 176<\/div>\n<div class=\"attrib alt\">Visina: 125<\/div>\n<div class=\"attrib\">Priklju\u010dni polovi &#8211; podnica: 0 M5 B00<\/div>\n","protected":false},"featured_media":13245,"template":"","meta":[],"product_cat":[79,78],"product_tag":[],"yoast_head":"<!-- This site is optimized with the Yoast SEO plugin v22.2 - https:\/\/yoast.com\/wordpress\/plugins\/seo\/ -->\n<title>Trakcijska Baterija Varta 12V- 24Ah \/ Professional DC AGM LAD 24 - Varta servis, Varta start-servis &#8226; Lucky Wave Shop<\/title>\n<meta name=\"robots\" content=\"index, follow, max-snippet:-1, max-image-preview:large, max-video-preview:-1\" \/>\n<link rel=\"canonical\" href=\"https:\/\/www.lucky-wave.eu\/shop\/proizvod\/trakcijska-baterija-varta-12v-24ah-professional-dc-agm-lad-24\/\" \/>\n<meta property=\"og:locale\" content=\"hr_HR\" \/>\n<meta property=\"og:type\" content=\"article\" \/>\n<meta property=\"og:title\" content=\"Trakcijska Baterija Varta 12V- 24Ah \/ Professional DC AGM LAD 24 - Varta servis, Varta start-servis &#8226; Lucky Wave Shop\" \/>\n<meta property=\"og:description\" content=\"Proizvo\u0111a\u010d: VARTA Napon (V): 12 Kapacitet (Ah): 24 Startna struja CCA EN (A): 160 Du\u017eina: 165 \u0160irina: 176 Visina: 125 Priklju\u010dni polovi - podnica: 0 M5 B00\" \/>\n<meta property=\"og:url\" content=\"https:\/\/www.lucky-wave.eu\/shop\/proizvod\/trakcijska-baterija-varta-12v-24ah-professional-dc-agm-lad-24\/\" \/>\n<meta property=\"og:site_name\" content=\"Lucky Wave Shop\" \/>\n<meta property=\"article:publisher\" content=\"https:\/\/www.facebook.com\/p\/Lucky-Wave-100063622320484\/\" \/>\n<meta property=\"article:modified_time\" content=\"2015-05-22T09:39:15+00:00\" \/>\n<meta property=\"og:image\" content=\"https:\/\/www.lucky-wave.eu\/shop\/wp-content\/uploads\/2015\/05\/0207023.jpg\" \/>\n\t<meta property=\"og:image:width\" content=\"600\" \/>\n\t<meta property=\"og:image:height\" content=\"544\" \/>\n\t<meta property=\"og:image:type\" content=\"image\/jpeg\" \/>\n<meta name=\"twitter:card\" content=\"summary_large_image\" \/>\n<script type=\"application\/ld+json\" class=\"yoast-schema-graph\">{\"@context\":\"https:\/\/schema.org\",\"@graph\":[{\"@type\":\"WebPage\",\"@id\":\"https:\/\/www.lucky-wave.eu\/shop\/proizvod\/trakcijska-baterija-varta-12v-24ah-professional-dc-agm-lad-24\/\",\"url\":\"https:\/\/www.lucky-wave.eu\/shop\/proizvod\/trakcijska-baterija-varta-12v-24ah-professional-dc-agm-lad-24\/\",\"name\":\"Trakcijska Baterija Varta 12V- 24Ah \/ Professional DC AGM LAD 24 - Varta servis, Varta start-servis &#8226; Lucky Wave Shop\",\"isPartOf\":{\"@id\":\"https:\/\/www.lucky-wave.eu\/shop\/#website\"},\"primaryImageOfPage\":{\"@id\":\"https:\/\/www.lucky-wave.eu\/shop\/proizvod\/trakcijska-baterija-varta-12v-24ah-professional-dc-agm-lad-24\/#primaryimage\"},\"image\":{\"@id\":\"https:\/\/www.lucky-wave.eu\/shop\/proizvod\/trakcijska-baterija-varta-12v-24ah-professional-dc-agm-lad-24\/#primaryimage\"},\"thumbnailUrl\":\"https:\/\/www.lucky-wave.eu\/shop\/wp-content\/uploads\/2015\/05\/0207023.jpg\",\"datePublished\":\"2015-05-22T07:42:07+00:00\",\"dateModified\":\"2015-05-22T09:39:15+00:00\",\"breadcrumb\":{\"@id\":\"https:\/\/www.lucky-wave.eu\/shop\/proizvod\/trakcijska-baterija-varta-12v-24ah-professional-dc-agm-lad-24\/#breadcrumb\"},\"inLanguage\":\"hr\",\"potentialAction\":[{\"@type\":\"ReadAction\",\"target\":[\"https:\/\/www.lucky-wave.eu\/shop\/proizvod\/trakcijska-baterija-varta-12v-24ah-professional-dc-agm-lad-24\/\"]}]},{\"@type\":\"ImageObject\",\"inLanguage\":\"hr\",\"@id\":\"https:\/\/www.lucky-wave.eu\/shop\/proizvod\/trakcijska-baterija-varta-12v-24ah-professional-dc-agm-lad-24\/#primaryimage\",\"url\":\"https:\/\/www.lucky-wave.eu\/shop\/wp-content\/uploads\/2015\/05\/0207023.jpg\",\"contentUrl\":\"https:\/\/www.lucky-wave.eu\/shop\/wp-content\/uploads\/2015\/05\/0207023.jpg\",\"width\":600,\"height\":544},{\"@type\":\"BreadcrumbList\",\"@id\":\"https:\/\/www.lucky-wave.eu\/shop\/proizvod\/trakcijska-baterija-varta-12v-24ah-professional-dc-agm-lad-24\/#breadcrumb\",\"itemListElement\":[{\"@type\":\"ListItem\",\"position\":1,\"name\":\"Po\u010detna stranica\",\"item\":\"https:\/\/www.lucky-wave.eu\/shop\/\"},{\"@type\":\"ListItem\",\"position\":2,\"name\":\"Trgovina\",\"item\":\"https:\/\/www.lucky-wave.eu\/shop\/trgovina\/\"},{\"@type\":\"ListItem\",\"position\":3,\"name\":\"Trakcijska Baterija Varta 12V- 24Ah \/ Professional DC AGM LAD 24\"}]},{\"@type\":\"WebSite\",\"@id\":\"https:\/\/www.lucky-wave.eu\/shop\/#website\",\"url\":\"https:\/\/www.lucky-wave.eu\/shop\/\",\"name\":\"Lucky Wave Shop\",\"description\":\"Prodaja nauti\u010dke opreme, brodskih ure\u0111aja, generatora, akumulatora (baterija), prodaja brodova, jedrilica.\",\"potentialAction\":[{\"@type\":\"SearchAction\",\"target\":{\"@type\":\"EntryPoint\",\"urlTemplate\":\"https:\/\/www.lucky-wave.eu\/shop\/?s={search_term_string}\"},\"query-input\":\"required name=search_term_string\"}],\"inLanguage\":\"hr\"}]}<\/script>\n<!-- \/ Yoast SEO plugin. -->","yoast_head_json":{"title":"Trakcijska Baterija Varta 12V- 24Ah \/ Professional DC AGM LAD 24 - Varta servis, Varta start-servis &#8226; Lucky Wave Shop","robots":{"index":"index","follow":"follow","max-snippet":"max-snippet:-1","max-image-preview":"max-image-preview:large","max-video-preview":"max-video-preview:-1"},"canonical":"https:\/\/www.lucky-wave.eu\/shop\/proizvod\/trakcijska-baterija-varta-12v-24ah-professional-dc-agm-lad-24\/","og_locale":"hr_HR","og_type":"article","og_title":"Trakcijska Baterija Varta 12V- 24Ah \/ Professional DC AGM LAD 24 - Varta servis, Varta start-servis &#8226; Lucky Wave Shop","og_description":"Proizvo\u0111a\u010d: VARTA Napon (V): 12 Kapacitet (Ah): 24 Startna struja CCA EN (A): 160 Du\u017eina: 165 \u0160irina: 176 Visina: 125 Priklju\u010dni polovi - podnica: 0 M5 B00","og_url":"https:\/\/www.lucky-wave.eu\/shop\/proizvod\/trakcijska-baterija-varta-12v-24ah-professional-dc-agm-lad-24\/","og_site_name":"Lucky Wave Shop","article_publisher":"https:\/\/www.facebook.com\/p\/Lucky-Wave-100063622320484\/","article_modified_time":"2015-05-22T09:39:15+00:00","og_image":[{"width":600,"height":544,"url":"https:\/\/www.lucky-wave.eu\/shop\/wp-content\/uploads\/2015\/05\/0207023.jpg","type":"image\/jpeg"}],"twitter_card":"summary_large_image","schema":{"@context":"https:\/\/schema.org","@graph":[{"@type":"WebPage","@id":"https:\/\/www.lucky-wave.eu\/shop\/proizvod\/trakcijska-baterija-varta-12v-24ah-professional-dc-agm-lad-24\/","url":"https:\/\/www.lucky-wave.eu\/shop\/proizvod\/trakcijska-baterija-varta-12v-24ah-professional-dc-agm-lad-24\/","name":"Trakcijska Baterija Varta 12V- 24Ah \/ Professional DC AGM LAD 24 - Varta servis, Varta start-servis &#8226; Lucky Wave Shop","isPartOf":{"@id":"https:\/\/www.lucky-wave.eu\/shop\/#website"},"primaryImageOfPage":{"@id":"https:\/\/www.lucky-wave.eu\/shop\/proizvod\/trakcijska-baterija-varta-12v-24ah-professional-dc-agm-lad-24\/#primaryimage"},"image":{"@id":"https:\/\/www.lucky-wave.eu\/shop\/proizvod\/trakcijska-baterija-varta-12v-24ah-professional-dc-agm-lad-24\/#primaryimage"},"thumbnailUrl":"https:\/\/www.lucky-wave.eu\/shop\/wp-content\/uploads\/2015\/05\/0207023.jpg","datePublished":"2015-05-22T07:42:07+00:00","dateModified":"2015-05-22T09:39:15+00:00","breadcrumb":{"@id":"https:\/\/www.lucky-wave.eu\/shop\/proizvod\/trakcijska-baterija-varta-12v-24ah-professional-dc-agm-lad-24\/#breadcrumb"},"inLanguage":"hr","potentialAction":[{"@type":"ReadAction","target":["https:\/\/www.lucky-wave.eu\/shop\/proizvod\/trakcijska-baterija-varta-12v-24ah-professional-dc-agm-lad-24\/"]}]},{"@type":"ImageObject","inLanguage":"hr","@id":"https:\/\/www.lucky-wave.eu\/shop\/proizvod\/trakcijska-baterija-varta-12v-24ah-professional-dc-agm-lad-24\/#primaryimage","url":"https:\/\/www.lucky-wave.eu\/shop\/wp-content\/uploads\/2015\/05\/0207023.jpg","contentUrl":"https:\/\/www.lucky-wave.eu\/shop\/wp-content\/uploads\/2015\/05\/0207023.jpg","width":600,"height":544},{"@type":"BreadcrumbList","@id":"https:\/\/www.lucky-wave.eu\/shop\/proizvod\/trakcijska-baterija-varta-12v-24ah-professional-dc-agm-lad-24\/#breadcrumb","itemListElement":[{"@type":"ListItem","position":1,"name":"Po\u010detna stranica","item":"https:\/\/www.lucky-wave.eu\/shop\/"},{"@type":"ListItem","position":2,"name":"Trgovina","item":"https:\/\/www.lucky-wave.eu\/shop\/trgovina\/"},{"@type":"ListItem","position":3,"name":"Trakcijska Baterija Varta 12V- 24Ah \/ Professional DC AGM LAD 24"}]},{"@type":"WebSite","@id":"https:\/\/www.lucky-wave.eu\/shop\/#website","url":"https:\/\/www.lucky-wave.eu\/shop\/","name":"Lucky Wave Shop","description":"Prodaja nauti\u010dke opreme, brodskih ure\u0111aja, generatora, akumulatora (baterija), prodaja brodova, jedrilica.","potentialAction":[{"@type":"SearchAction","target":{"@type":"EntryPoint","urlTemplate":"https:\/\/www.lucky-wave.eu\/shop\/?s={search_term_string}"},"query-input":"required name=search_term_string"}],"inLanguage":"hr"}]}},"_links":{"self":[{"href":"https:\/\/www.lucky-wave.eu\/shop\/wp-json\/wp\/v2\/product\/13244"}],"collection":[{"href":"https:\/\/www.lucky-wave.eu\/shop\/wp-json\/wp\/v2\/product"}],"about":[{"href":"https:\/\/www.lucky-wave.eu\/shop\/wp-json\/wp\/v2\/types\/product"}],"wp:featuredmedia":[{"embeddable":true,"href":"https:\/\/www.lucky-wave.eu\/shop\/wp-json\/wp\/v2\/media\/13245"}],"wp:attachment":[{"href":"https:\/\/www.lucky-wave.eu\/shop\/wp-json\/wp\/v2\/media?parent=13244"}],"wp:term":[{"taxonomy":"product_cat","embeddable":true,"href":"https:\/\/www.lucky-wave.eu\/shop\/wp-json\/wp\/v2\/product_cat?post=13244"},{"taxonomy":"product_tag","embeddable":true,"href":"https:\/\/www.lucky-wave.eu\/shop\/wp-json\/wp\/v2\/product_tag?post=13244"}],"curies":[{"name":"wp","href":"https:\/\/api.w.org\/{rel}","templated":true}]}}