{"id":13000,"date":"2015-05-14T11:49:16","date_gmt":"2015-05-14T11:49:16","guid":{"rendered":"http:\/\/www.lucky-wave.eu\/shop\/?post_type=product&#038;p=13000"},"modified":"2015-05-20T07:51:35","modified_gmt":"2015-05-20T07:51:35","slug":"silver-dynamic-agm-570-901-076","status":"publish","type":"product","link":"https:\/\/www.lucky-wave.eu\/shop\/proizvod\/silver-dynamic-agm-570-901-076\/","title":{"rendered":"Silver Dynamic AGM 570 901 076"},"content":{"rendered":"<p><a class=\"dt-single-image\" href=\"http:\/\/www.lucky-wave.eu\/shop\/wp-content\/uploads\/2015\/05\/570901076.jpg\" data-dt-img-description=\"\"><img loading=\"lazy\" decoding=\"async\" class=\"alignnone size-full wp-image-13001\" src=\"http:\/\/www.lucky-wave.eu\/shop\/wp-content\/uploads\/2015\/05\/570901076.jpg\" alt=\"570901076\" width=\"250\" height=\"176\" \/><\/a><\/p>\n<p>&nbsp;<\/p>\n<p><span class=\"product-box\">Odabirom Silver Dynamic AGM sa najnaprednijom tehnologijom, dobit \u0107ete nevjerojatan akumulator koji je sposoban napajati najzahtjevnija vozila i opremu, s obzirom da nudi tri puta ve\u0107u razinu izdr\u017eljivosti od konvencionalnih akumulatora. Silver Dynamic AGM je tako\u0111er savr\u0161en za napajanje Start-Stop sustava.<\/span><\/p>\n<p>Klju\u010dne prednosti<br \/>\n\u2022 Tri puta ve\u0107a trajnost u usporedbi s konvencionalnim akumulatorom<br \/>\n\u2022 Osmi\u0161ljen za vozila sa naprednom Start-Stop funkcijom s regenerativnim ko\u010denjem<br \/>\n\u2022 VARTA\u00ae AGM (Upijaju\u0107a staklena vuna) tehnologija s nevjerojatnim performansama za sna\u017ene motore i vrhunski opremljene automobile<br \/>\n\u2022 Bez mogu\u0107nosti istjecanja elektrolita, \u010dak i ako je ku\u0107i\u0161te o\u0161te\u0107eno<br \/>\n\u2022 \u010cista proizvodnja \u2013 s 20% manjom potro\u0161njom energije i 20% ni\u017eom emisijom stakleni\u010dkih plinova.<br \/>\n\u2022 Poma\u017ee sa\u010duvati okoli\u0161 sa recikliranjem ecosteps\u00ae<br \/>\n\u2022 Tehnologija re\u0161etke PowerFrame\u00ae za jaku snagu pokretanja<br \/>\n\u2022 Osmi\u0161ljeno sukladno s najvi\u0161im njema\u010dkim standardima<\/p>\n","protected":false},"excerpt":{"rendered":"<table class=\"specs\" cellspacing=\"0\" cellpadding=\"0\">\n<tbody>\n<tr>\n<td colspan=\"2\">\n<h2>Podaci o izvedbi<\/h2>\n<\/td>\n<\/tr>\n<tr>\n<td class=\"title\">napon:<\/td>\n<td class=\"value\">12<\/td>\n<\/tr>\n<tr>\n<td class=\"title\">kapacitet:<\/td>\n<td class=\"value\">70<\/td>\n<\/tr>\n<tr>\n<td class=\"title\">Hladno cranking amper::<\/td>\n<td class=\"value\">760 A<\/td>\n<\/tr>\n<\/tbody>\n<\/table>\n<hr \/>\n<table class=\"specs\" cellspacing=\"0\" cellpadding=\"0\">\n<tbody>\n<tr>\n<td colspan=\"2\">\n<h2>Fizi\u010dke osobine<\/h2>\n<\/td>\n<\/tr>\n<tr>\n<td class=\"title\">Slu\u010daj Veli\u010dina:<\/td>\n<td class=\"value\">H6<\/td>\n<\/tr>\n<tr>\n<td class=\"title\">te\u017eina:<\/td>\n<td class=\"value\">20 kg<\/td>\n<\/tr>\n<tr>\n<td class=\"title\">Du\u017eina:<\/td>\n<td class=\"value\">278 mm<\/td>\n<\/tr>\n<tr>\n<td class=\"title\">\u0161irina:<\/td>\n<td class=\"value\">175 mm<\/td>\n<\/tr>\n<tr>\n<td class=\"title\">visina:<\/td>\n<td class=\"value\">190 mm<\/td>\n<\/tr>\n<\/tbody>\n<\/table>\n","protected":false},"featured_media":13001,"template":"","meta":[],"product_cat":[62],"product_tag":[],"yoast_head":"<!-- This site is optimized with the Yoast SEO plugin v22.2 - https:\/\/yoast.com\/wordpress\/plugins\/seo\/ -->\n<title>Silver Dynamic AGM 570 901 076 - Varta AGM &#8226; Lucky Wave Shop<\/title>\n<meta name=\"robots\" content=\"index, follow, max-snippet:-1, max-image-preview:large, max-video-preview:-1\" \/>\n<link rel=\"canonical\" href=\"https:\/\/www.lucky-wave.eu\/shop\/proizvod\/silver-dynamic-agm-570-901-076\/\" \/>\n<meta property=\"og:locale\" content=\"hr_HR\" \/>\n<meta property=\"og:type\" content=\"article\" \/>\n<meta property=\"og:title\" content=\"Silver Dynamic AGM 570 901 076 - Varta AGM &#8226; Lucky Wave Shop\" \/>\n<meta property=\"og:description\" content=\"Podaci o izvedbi    napon: 12   kapacitet: 70   Hladno cranking amper:: 760 A           Fizi\u010dke osobine    Slu\u010daj Veli\u010dina: H6   te\u017eina: 20 kg   Du\u017eina: 278 mm   \u0161irina: 175 mm   visina: 190 mm\" \/>\n<meta property=\"og:url\" content=\"https:\/\/www.lucky-wave.eu\/shop\/proizvod\/silver-dynamic-agm-570-901-076\/\" \/>\n<meta property=\"og:site_name\" content=\"Lucky Wave Shop\" \/>\n<meta property=\"article:publisher\" content=\"https:\/\/www.facebook.com\/p\/Lucky-Wave-100063622320484\/\" \/>\n<meta property=\"article:modified_time\" content=\"2015-05-20T07:51:35+00:00\" \/>\n<meta property=\"og:image\" content=\"https:\/\/www.lucky-wave.eu\/shop\/wp-content\/uploads\/2015\/05\/570901076.jpg\" \/>\n\t<meta property=\"og:image:width\" content=\"250\" \/>\n\t<meta property=\"og:image:height\" content=\"176\" \/>\n\t<meta property=\"og:image:type\" content=\"image\/jpeg\" \/>\n<meta name=\"twitter:card\" content=\"summary_large_image\" \/>\n<meta name=\"twitter:label1\" content=\"Procijenjeno vrijeme \u010ditanja\" \/>\n\t<meta name=\"twitter:data1\" content=\"1 minuta\" \/>\n<script type=\"application\/ld+json\" class=\"yoast-schema-graph\">{\"@context\":\"https:\/\/schema.org\",\"@graph\":[{\"@type\":\"WebPage\",\"@id\":\"https:\/\/www.lucky-wave.eu\/shop\/proizvod\/silver-dynamic-agm-570-901-076\/\",\"url\":\"https:\/\/www.lucky-wave.eu\/shop\/proizvod\/silver-dynamic-agm-570-901-076\/\",\"name\":\"Silver Dynamic AGM 570 901 076 - Varta AGM &#8226; Lucky Wave Shop\",\"isPartOf\":{\"@id\":\"https:\/\/www.lucky-wave.eu\/shop\/#website\"},\"primaryImageOfPage\":{\"@id\":\"https:\/\/www.lucky-wave.eu\/shop\/proizvod\/silver-dynamic-agm-570-901-076\/#primaryimage\"},\"image\":{\"@id\":\"https:\/\/www.lucky-wave.eu\/shop\/proizvod\/silver-dynamic-agm-570-901-076\/#primaryimage\"},\"thumbnailUrl\":\"https:\/\/www.lucky-wave.eu\/shop\/wp-content\/uploads\/2015\/05\/570901076.jpg\",\"datePublished\":\"2015-05-14T11:49:16+00:00\",\"dateModified\":\"2015-05-20T07:51:35+00:00\",\"breadcrumb\":{\"@id\":\"https:\/\/www.lucky-wave.eu\/shop\/proizvod\/silver-dynamic-agm-570-901-076\/#breadcrumb\"},\"inLanguage\":\"hr\",\"potentialAction\":[{\"@type\":\"ReadAction\",\"target\":[\"https:\/\/www.lucky-wave.eu\/shop\/proizvod\/silver-dynamic-agm-570-901-076\/\"]}]},{\"@type\":\"ImageObject\",\"inLanguage\":\"hr\",\"@id\":\"https:\/\/www.lucky-wave.eu\/shop\/proizvod\/silver-dynamic-agm-570-901-076\/#primaryimage\",\"url\":\"https:\/\/www.lucky-wave.eu\/shop\/wp-content\/uploads\/2015\/05\/570901076.jpg\",\"contentUrl\":\"https:\/\/www.lucky-wave.eu\/shop\/wp-content\/uploads\/2015\/05\/570901076.jpg\",\"width\":250,\"height\":176},{\"@type\":\"BreadcrumbList\",\"@id\":\"https:\/\/www.lucky-wave.eu\/shop\/proizvod\/silver-dynamic-agm-570-901-076\/#breadcrumb\",\"itemListElement\":[{\"@type\":\"ListItem\",\"position\":1,\"name\":\"Po\u010detna stranica\",\"item\":\"https:\/\/www.lucky-wave.eu\/shop\/\"},{\"@type\":\"ListItem\",\"position\":2,\"name\":\"Trgovina\",\"item\":\"https:\/\/www.lucky-wave.eu\/shop\/trgovina\/\"},{\"@type\":\"ListItem\",\"position\":3,\"name\":\"Silver Dynamic AGM 570 901 076\"}]},{\"@type\":\"WebSite\",\"@id\":\"https:\/\/www.lucky-wave.eu\/shop\/#website\",\"url\":\"https:\/\/www.lucky-wave.eu\/shop\/\",\"name\":\"Lucky Wave Shop\",\"description\":\"Prodaja nauti\u010dke opreme, brodskih ure\u0111aja, generatora, akumulatora (baterija), prodaja brodova, jedrilica.\",\"potentialAction\":[{\"@type\":\"SearchAction\",\"target\":{\"@type\":\"EntryPoint\",\"urlTemplate\":\"https:\/\/www.lucky-wave.eu\/shop\/?s={search_term_string}\"},\"query-input\":\"required name=search_term_string\"}],\"inLanguage\":\"hr\"}]}<\/script>\n<!-- \/ Yoast SEO plugin. -->","yoast_head_json":{"title":"Silver Dynamic AGM 570 901 076 - Varta AGM &#8226; Lucky Wave Shop","robots":{"index":"index","follow":"follow","max-snippet":"max-snippet:-1","max-image-preview":"max-image-preview:large","max-video-preview":"max-video-preview:-1"},"canonical":"https:\/\/www.lucky-wave.eu\/shop\/proizvod\/silver-dynamic-agm-570-901-076\/","og_locale":"hr_HR","og_type":"article","og_title":"Silver Dynamic AGM 570 901 076 - Varta AGM &#8226; Lucky Wave Shop","og_description":"Podaci o izvedbi    napon: 12   kapacitet: 70   Hladno cranking amper:: 760 A           Fizi\u010dke osobine    Slu\u010daj Veli\u010dina: H6   te\u017eina: 20 kg   Du\u017eina: 278 mm   \u0161irina: 175 mm   visina: 190 mm","og_url":"https:\/\/www.lucky-wave.eu\/shop\/proizvod\/silver-dynamic-agm-570-901-076\/","og_site_name":"Lucky Wave Shop","article_publisher":"https:\/\/www.facebook.com\/p\/Lucky-Wave-100063622320484\/","article_modified_time":"2015-05-20T07:51:35+00:00","og_image":[{"width":250,"height":176,"url":"https:\/\/www.lucky-wave.eu\/shop\/wp-content\/uploads\/2015\/05\/570901076.jpg","type":"image\/jpeg"}],"twitter_card":"summary_large_image","twitter_misc":{"Procijenjeno vrijeme \u010ditanja":"1 minuta"},"schema":{"@context":"https:\/\/schema.org","@graph":[{"@type":"WebPage","@id":"https:\/\/www.lucky-wave.eu\/shop\/proizvod\/silver-dynamic-agm-570-901-076\/","url":"https:\/\/www.lucky-wave.eu\/shop\/proizvod\/silver-dynamic-agm-570-901-076\/","name":"Silver Dynamic AGM 570 901 076 - Varta AGM &#8226; Lucky Wave Shop","isPartOf":{"@id":"https:\/\/www.lucky-wave.eu\/shop\/#website"},"primaryImageOfPage":{"@id":"https:\/\/www.lucky-wave.eu\/shop\/proizvod\/silver-dynamic-agm-570-901-076\/#primaryimage"},"image":{"@id":"https:\/\/www.lucky-wave.eu\/shop\/proizvod\/silver-dynamic-agm-570-901-076\/#primaryimage"},"thumbnailUrl":"https:\/\/www.lucky-wave.eu\/shop\/wp-content\/uploads\/2015\/05\/570901076.jpg","datePublished":"2015-05-14T11:49:16+00:00","dateModified":"2015-05-20T07:51:35+00:00","breadcrumb":{"@id":"https:\/\/www.lucky-wave.eu\/shop\/proizvod\/silver-dynamic-agm-570-901-076\/#breadcrumb"},"inLanguage":"hr","potentialAction":[{"@type":"ReadAction","target":["https:\/\/www.lucky-wave.eu\/shop\/proizvod\/silver-dynamic-agm-570-901-076\/"]}]},{"@type":"ImageObject","inLanguage":"hr","@id":"https:\/\/www.lucky-wave.eu\/shop\/proizvod\/silver-dynamic-agm-570-901-076\/#primaryimage","url":"https:\/\/www.lucky-wave.eu\/shop\/wp-content\/uploads\/2015\/05\/570901076.jpg","contentUrl":"https:\/\/www.lucky-wave.eu\/shop\/wp-content\/uploads\/2015\/05\/570901076.jpg","width":250,"height":176},{"@type":"BreadcrumbList","@id":"https:\/\/www.lucky-wave.eu\/shop\/proizvod\/silver-dynamic-agm-570-901-076\/#breadcrumb","itemListElement":[{"@type":"ListItem","position":1,"name":"Po\u010detna stranica","item":"https:\/\/www.lucky-wave.eu\/shop\/"},{"@type":"ListItem","position":2,"name":"Trgovina","item":"https:\/\/www.lucky-wave.eu\/shop\/trgovina\/"},{"@type":"ListItem","position":3,"name":"Silver Dynamic AGM 570 901 076"}]},{"@type":"WebSite","@id":"https:\/\/www.lucky-wave.eu\/shop\/#website","url":"https:\/\/www.lucky-wave.eu\/shop\/","name":"Lucky Wave Shop","description":"Prodaja nauti\u010dke opreme, brodskih ure\u0111aja, generatora, akumulatora (baterija), prodaja brodova, jedrilica.","potentialAction":[{"@type":"SearchAction","target":{"@type":"EntryPoint","urlTemplate":"https:\/\/www.lucky-wave.eu\/shop\/?s={search_term_string}"},"query-input":"required name=search_term_string"}],"inLanguage":"hr"}]}},"_links":{"self":[{"href":"https:\/\/www.lucky-wave.eu\/shop\/wp-json\/wp\/v2\/product\/13000"}],"collection":[{"href":"https:\/\/www.lucky-wave.eu\/shop\/wp-json\/wp\/v2\/product"}],"about":[{"href":"https:\/\/www.lucky-wave.eu\/shop\/wp-json\/wp\/v2\/types\/product"}],"wp:featuredmedia":[{"embeddable":true,"href":"https:\/\/www.lucky-wave.eu\/shop\/wp-json\/wp\/v2\/media\/13001"}],"wp:attachment":[{"href":"https:\/\/www.lucky-wave.eu\/shop\/wp-json\/wp\/v2\/media?parent=13000"}],"wp:term":[{"taxonomy":"product_cat","embeddable":true,"href":"https:\/\/www.lucky-wave.eu\/shop\/wp-json\/wp\/v2\/product_cat?post=13000"},{"taxonomy":"product_tag","embeddable":true,"href":"https:\/\/www.lucky-wave.eu\/shop\/wp-json\/wp\/v2\/product_tag?post=13000"}],"curies":[{"name":"wp","href":"https:\/\/api.w.org\/{rel}","templated":true}]}}